{"id":2013,"date":"2019-09-18T15:15:28","date_gmt":"2019-09-18T15:15:28","guid":{"rendered":"https:\/\/ninetheme.com\/themes\/elementor\/forester\/?page_id=2013"},"modified":"2023-09-05T21:09:52","modified_gmt":"2023-09-05T19:09:52","slug":"branding","status":"publish","type":"page","link":"https:\/\/fckreation.com\/index.php\/branding\/","title":{"rendered":"Branding"},"content":{"rendered":"\t\t<div data-elementor-type=\"wp-page\" data-elementor-id=\"2013\" class=\"elementor elementor-2013\">\n\t\t\t\t\t\t\t\t\t<section class=\"elementor-section elementor-top-section elementor-element elementor-element-69af9820 elementor-section-stretched elementor-section-full_width elementor-section-height-default elementor-section-height-default\" data-id=\"69af9820\" data-element_type=\"section\" data-settings=\"{&quot;stretch_section&quot;:&quot;section-stretched&quot;}\">\n\t\t\t\t\t\t<div class=\"elementor-container elementor-column-gap-no\">\n\t\t\t\t\t<div class=\"elementor-column elementor-col-100 elementor-top-column elementor-element elementor-element-4dbb4179\" data-id=\"4dbb4179\" data-element_type=\"column\">\n\t\t\t<div class=\"elementor-widget-wrap elementor-element-populated\">\n\t\t\t\t\t\t\t\t<div class=\"elementor-element elementor-element-6558dab5 elementor-widget elementor-widget-forester-page-hero\" data-id=\"6558dab5\" data-element_type=\"widget\" data-widget_type=\"forester-page-hero.default\">\n\t\t\t\t<div class=\"elementor-widget-container\">\n\t\t\t<div id=\"hero\" class=\"hero page-hero hero-fullwidth hero_6558dab5 jarallax\" data-jarallax=\"\" data-type=\"scroll\" data-speed=\"0.2\" data-android=\"0\" data-ios=\"0\" style=\"background-image:url(https:\/\/ninetheme.com\/themes\/elementor\/forester\/wp-content\/uploads\/2018\/05\/bg-1-3.jpg)\" data-img-src=\"https:\/\/ninetheme.com\/themes\/elementor\/forester\/wp-content\/uploads\/2018\/05\/bg-1-3.jpg\" data-img-size=\"cover\" data-img-position=\"center center\" data-img-repeat=\"no-repeat\"><div class=\"hero-content no\"><div class=\"container white\"><div class=\"m-auto\"><div class=\"title-service mb15\"><h2 class=\"page-heading\">Branding<\/h2><p class=\"breadcrubms headline-text\"><!-- Breadcrumb NavXT 7.2.0 -->\n<span property=\"itemListElement\" typeof=\"ListItem\"><a property=\"item\" typeof=\"WebPage\" title=\"Go to Fckreation.\" href=\"https:\/\/fckreation.com\" class=\"home\" ><span property=\"name\">Fckreation<\/span><\/a><meta property=\"position\" content=\"1\"><\/span> &gt; <span property=\"itemListElement\" typeof=\"ListItem\"><a property=\"item\" typeof=\"WebPage\" title=\"Go to Blog.\" href=\"https:\/\/fckreation.com\/index.php\/blog\/\" class=\"post-root post post-post\" aria-current=\"page\"><span property=\"name\">Blog<\/span><\/a><meta property=\"position\" content=\"2\"><\/span><\/p><\/div><a class=\"hero-btn btn-sm btn btn-circle btn-ghost-white\" href=\"#\">Back To Homepage <\/a><\/div><\/div><\/div><\/div>\t\t<\/div>\n\t\t\t\t<\/div>\n\t\t\t\t\t<\/div>\n\t\t<\/div>\n\t\t\t\t\t\t\t<\/div>\n\t\t<\/section>\n\t\t\t\t<section class=\"elementor-section elementor-top-section elementor-element elementor-element-cc8f50a elementor-section-boxed elementor-section-height-default elementor-section-height-default\" data-id=\"cc8f50a\" data-element_type=\"section\">\n\t\t\t\t\t\t<div class=\"elementor-container elementor-column-gap-default\">\n\t\t\t\t\t<div class=\"elementor-column elementor-col-100 elementor-top-column elementor-element elementor-element-bb6878e\" data-id=\"bb6878e\" data-element_type=\"column\">\n\t\t\t<div class=\"elementor-widget-wrap elementor-element-populated\">\n\t\t\t\t\t\t\t\t<div class=\"elementor-element elementor-element-9b62efd elementor-widget elementor-widget-text-editor\" data-id=\"9b62efd\" data-element_type=\"widget\" data-widget_type=\"text-editor.default\">\n\t\t\t\t<div class=\"elementor-widget-container\">\n\t\t\t<style>\/*! elementor - v3.15.0 - 20-08-2023 *\/\n.elementor-widget-text-editor.elementor-drop-cap-view-stacked .elementor-drop-cap{background-color:#69727d;color:#fff}.elementor-widget-text-editor.elementor-drop-cap-view-framed .elementor-drop-cap{color:#69727d;border:3px solid;background-color:transparent}.elementor-widget-text-editor:not(.elementor-drop-cap-view-default) .elementor-drop-cap{margin-top:8px}.elementor-widget-text-editor:not(.elementor-drop-cap-view-default) .elementor-drop-cap-letter{width:1em;height:1em}.elementor-widget-text-editor .elementor-drop-cap{float:left;text-align:center;line-height:1;font-size:50px}.elementor-widget-text-editor .elementor-drop-cap-letter{display:inline-block}<\/style>\t\t\t\t<p>We are forester, a creative digital agency situated in New York. Crafting things people love, need and enjoy the most. We established a dozen of satisfied clients around the globe and earned ourself a reputation of most innovative digital agency in New York. Ut ut lectus id massa rhoncus commodo. Nulla sed aliquet orci. Integer et nisi lobortis, efficitur arcu dictum, elementum felis. Nullam vulputate risus diam<\/p>\t\t\t\t\t\t<\/div>\n\t\t\t\t<\/div>\n\t\t\t\t\t<\/div>\n\t\t<\/div>\n\t\t\t\t\t\t\t<\/div>\n\t\t<\/section>\n\t\t\t\t<section class=\"elementor-section elementor-top-section elementor-element elementor-element-17bb6007 elementor-section-stretched elementor-section-boxed elementor-section-height-default elementor-section-height-default\" data-id=\"17bb6007\" data-element_type=\"section\" data-settings=\"{&quot;stretch_section&quot;:&quot;section-stretched&quot;,&quot;background_background&quot;:&quot;classic&quot;}\">\n\t\t\t\t\t\t<div class=\"elementor-container elementor-column-gap-no\">\n\t\t\t\t\t<div class=\"elementor-column elementor-col-100 elementor-top-column elementor-element elementor-element-1f9cd2d5\" data-id=\"1f9cd2d5\" data-element_type=\"column\">\n\t\t\t<div class=\"elementor-widget-wrap elementor-element-populated\">\n\t\t\t\t\t\t\t\t<section class=\"elementor-section elementor-inner-section elementor-element elementor-element-3e23d5c3 elementor-section-boxed elementor-section-height-default elementor-section-height-default\" data-id=\"3e23d5c3\" data-element_type=\"section\">\n\t\t\t\t\t\t<div class=\"elementor-container elementor-column-gap-default\">\n\t\t\t\t\t<div class=\"elementor-column elementor-col-100 elementor-inner-column elementor-element elementor-element-352019a1\" data-id=\"352019a1\" data-element_type=\"column\">\n\t\t\t<div class=\"elementor-widget-wrap elementor-element-populated\">\n\t\t\t\t\t\t\t\t\t<\/div>\n\t\t<\/div>\n\t\t\t\t\t\t\t<\/div>\n\t\t<\/section>\n\t\t\t\t<section class=\"elementor-section elementor-inner-section elementor-element elementor-element-33e023a0 elementor-section-full_width elementor-section-height-default elementor-section-height-default\" data-id=\"33e023a0\" data-element_type=\"section\">\n\t\t\t\t\t\t<div class=\"elementor-container elementor-column-gap-no\">\n\t\t\t\t\t<div class=\"elementor-column elementor-col-100 elementor-inner-column elementor-element elementor-element-1fcc283\" data-id=\"1fcc283\" data-element_type=\"column\">\n\t\t\t<div class=\"elementor-widget-wrap elementor-element-populated\">\n\t\t\t\t\t\t\t\t<div class=\"elementor-element elementor-element-9ac7952 elementor-widget elementor-widget-forester-portfolio-grid\" data-id=\"9ac7952\" data-element_type=\"widget\" data-widget_type=\"forester-portfolio-grid.default\">\n\t\t\t\t<div class=\"elementor-widget-container\">\n\t\t\t<div class=\"bg-white portfolio-wrapper\"><div class=\"fullwidth-style\"><div class=\"posts-filter cbp-l-filters-button text-center\"><div data-filter=\"*\" class=\"cbp-filter-active cbp-filter-item\">All<div class=\"cbp-filter-counter\"><\/div><\/div><div data-filter=\".digital\" class=\"cbp-filter-item\">Digital<div class=\"cbp-filter-counter\"><\/div><\/div><div data-filter=\".imagination\" class=\"cbp-filter-item\">Imagination<div class=\"cbp-filter-counter\"><\/div><\/div><div data-filter=\".logo\" class=\"cbp-filter-item\">Logo<div class=\"cbp-filter-counter\"><\/div><\/div><div data-filter=\".print\" class=\"cbp-filter-item\">Print<div class=\"cbp-filter-counter\"><\/div><\/div><\/div><div id=\"blog-elementor\" class=\"blog-elementor cbp type-grid\" data-layoutmode=\"grid\" data-grid-adjustment=\"responsive\" data-animation-filter=\"sequentially\" data-animation-caption=\"pushDown\" data-animation-single=\"left\" data-horizontal-gap=\"30\" data-vertical-gap=\"30\" data-xlcount=\"3\" data-lgcount=\"3\" data-smcount=\"1\"><div class=\"cbp-item digital\"><a href=\"https:\/\/fckreation.com\/wp-content\/uploads\/2023\/09\/td11.png\" title=\"Artwork &#8211; Teddy Riner &#8211; Athl\u00e8te\" data-title=\"<h3>Artwork &#8211; Teddy Riner &#8211; Athl\u00e8te  <span> \/ digital<\/span><\/h3>\" class=\"cbp-lightbox cbp-caption\"><div class=\"cbp-caption\"><div class=\"cbp-caption-defaultWrap\"><img decoding=\"async\" src=\"https:\/\/fckreation.com\/wp-content\/uploads\/2023\/09\/td11.png\" alt=\"Artwork &#8211; Teddy Riner &#8211; Athl\u00e8te\" \/><\/div><div class=\"cbp-caption-activeWrap black\"><div class=\"wrap\"><i class=\"ti-fullscreen x3\"><\/i><h3 class=\"post-cat\">digital<\/h3><div class=\"heading-title\">Artwork &#8211; Teddy Riner &#8211; Athl\u00e8te<\/div><\/div><\/div><\/div><\/a><\/div><div class=\"cbp-item logo\"><a href=\"https:\/\/fckreation.com\/wp-content\/uploads\/2023\/09\/bab.jpg\" title=\"Logo &#8211; B \u00e0 Ba &#8211; Agence immobili\u00e8re &#8211; Lyon\" data-title=\"<h3>Logo &#8211; B \u00e0 Ba &#8211; Agence immobili\u00e8re &#8211; Lyon  <span> \/ logo<\/span><\/h3>\" class=\"cbp-lightbox cbp-caption\"><div class=\"cbp-caption\"><div class=\"cbp-caption-defaultWrap\"><img decoding=\"async\" src=\"https:\/\/fckreation.com\/wp-content\/uploads\/2023\/09\/bab.jpg\" alt=\"Logo &#8211; B \u00e0 Ba &#8211; Agence immobili\u00e8re &#8211; Lyon\" \/><\/div><div class=\"cbp-caption-activeWrap black\"><div class=\"wrap\"><i class=\"ti-fullscreen x3\"><\/i><h3 class=\"post-cat\">logo<\/h3><div class=\"heading-title\">Logo &#8211; B \u00e0 Ba &#8211; Agence immobili\u00e8re &#8211; Lyon<\/div><\/div><\/div><\/div><\/a><\/div><div class=\"cbp-item logo\"><a href=\"https:\/\/fckreation.com\/wp-content\/uploads\/2023\/09\/instalogic_vweb.jpg\" title=\"Logo &#8211; Logic Energy &#8211; R\u00e9novation \u00e9nerg\u00e9tique &#8211; Clermont-Ferrand\" data-title=\"<h3>Logo &#8211; Logic Energy &#8211; R\u00e9novation \u00e9nerg\u00e9tique &#8211; Clermont-Ferrand  <span> \/ logo<\/span><\/h3>\" class=\"cbp-lightbox cbp-caption\"><div class=\"cbp-caption\"><div class=\"cbp-caption-defaultWrap\"><img decoding=\"async\" src=\"https:\/\/fckreation.com\/wp-content\/uploads\/2023\/09\/instalogic_vweb.jpg\" alt=\"Logo &#8211; Logic Energy &#8211; R\u00e9novation \u00e9nerg\u00e9tique &#8211; Clermont-Ferrand\" \/><\/div><div class=\"cbp-caption-activeWrap black\"><div class=\"wrap\"><i class=\"ti-fullscreen x3\"><\/i><h3 class=\"post-cat\">logo<\/h3><div class=\"heading-title\">Logo &#8211; Logic Energy &#8211; R\u00e9novation \u00e9nerg\u00e9tique &#8211; Clermont-Ferrand<\/div><\/div><\/div><\/div><\/a><\/div><div class=\"cbp-item logo\"><a href=\"https:\/\/fckreation.com\/wp-content\/uploads\/2023\/09\/phone-repairv2.png\" title=\"Logo &#8211; Phone Repair &#8211; Clermont-Ferrand\" data-title=\"<h3>Logo &#8211; Phone Repair &#8211; Clermont-Ferrand  <span> \/ logo<\/span><\/h3>\" class=\"cbp-lightbox cbp-caption\"><div class=\"cbp-caption\"><div class=\"cbp-caption-defaultWrap\"><img decoding=\"async\" src=\"https:\/\/fckreation.com\/wp-content\/uploads\/2023\/09\/phone-repairv2.png\" alt=\"Logo &#8211; Phone Repair &#8211; Clermont-Ferrand\" \/><\/div><div class=\"cbp-caption-activeWrap black\"><div class=\"wrap\"><i class=\"ti-fullscreen x3\"><\/i><h3 class=\"post-cat\">logo<\/h3><div class=\"heading-title\">Logo &#8211; Phone Repair &#8211; Clermont-Ferrand<\/div><\/div><\/div><\/div><\/a><\/div><div class=\"cbp-item \"><a href=\"https:\/\/fckreation.com\/wp-content\/uploads\/2023\/09\/instareverse_vweb.jpg\" title=\"Logo &#8211; Reverse &#8211; Label de musique &#8211; Reims\" data-title=\"<h3>Logo &#8211; Reverse &#8211; Label de musique &#8211; Reims  <span> \/ <\/span><\/h3>\" class=\"cbp-lightbox cbp-caption\"><div class=\"cbp-caption\"><div class=\"cbp-caption-defaultWrap\"><img decoding=\"async\" src=\"https:\/\/fckreation.com\/wp-content\/uploads\/2023\/09\/instareverse_vweb.jpg\" alt=\"Logo &#8211; Reverse &#8211; Label de musique &#8211; Reims\" \/><\/div><div class=\"cbp-caption-activeWrap black\"><div class=\"wrap\"><i class=\"ti-fullscreen x3\"><\/i><h3 class=\"post-cat\">logo<\/h3><div class=\"heading-title\">Logo &#8211; Reverse &#8211; Label de musique &#8211; Reims<\/div><\/div><\/div><\/div><\/a><\/div><div class=\"cbp-item logo\"><a href=\"https:\/\/fckreation.com\/wp-content\/uploads\/2023\/09\/gmt.png\" title=\"Logo &#8211; GM Terrassement &#8211; Soci\u00e9t\u00e9 de terrassement &#8211; Caumont sur Durance\" data-title=\"<h3>Logo &#8211; GM Terrassement &#8211; Soci\u00e9t\u00e9 de terrassement &#8211; Caumont sur Durance  <span> \/ logo<\/span><\/h3>\" class=\"cbp-lightbox cbp-caption\"><div class=\"cbp-caption\"><div class=\"cbp-caption-defaultWrap\"><img decoding=\"async\" src=\"https:\/\/fckreation.com\/wp-content\/uploads\/2023\/09\/gmt.png\" alt=\"Logo &#8211; GM Terrassement &#8211; Soci\u00e9t\u00e9 de terrassement &#8211; Caumont sur Durance\" \/><\/div><div class=\"cbp-caption-activeWrap black\"><div class=\"wrap\"><i class=\"ti-fullscreen x3\"><\/i><h3 class=\"post-cat\">logo<\/h3><div class=\"heading-title\">Logo &#8211; GM Terrassement &#8211; Soci\u00e9t\u00e9 de terrassement &#8211; Caumont sur Durance<\/div><\/div><\/div><\/div><\/a><\/div><\/div><\/div><\/div>\t\t<\/div>\n\t\t\t\t<\/div>\n\t\t\t\t\t<\/div>\n\t\t<\/div>\n\t\t\t\t\t\t\t<\/div>\n\t\t<\/section>\n\t\t\t\t\t<\/div>\n\t\t<\/div>\n\t\t\t\t\t\t\t<\/div>\n\t\t<\/section>\n\t\t\t\t<section class=\"elementor-section elementor-top-section elementor-element elementor-element-378e13ca elementor-section-boxed elementor-section-height-default elementor-section-height-default\" data-id=\"378e13ca\" data-element_type=\"section\">\n\t\t\t\t\t\t<div class=\"elementor-container elementor-column-gap-default\">\n\t\t\t\t\t<div class=\"elementor-column elementor-col-33 elementor-top-column elementor-element elementor-element-662493d7\" data-id=\"662493d7\" data-element_type=\"column\">\n\t\t\t<div class=\"elementor-widget-wrap elementor-element-populated\">\n\t\t\t\t\t\t\t\t<div class=\"elementor-element elementor-element-67089843 elementor-widget elementor-widget-forester-features-item\" data-id=\"67089843\" data-element_type=\"widget\" data-widget_type=\"forester-features-item.default\">\n\t\t\t\t<div class=\"elementor-widget-container\">\n\t\t\t<div class=\"feature-container\"><div class=\"feature-icon\"><i class=\"ti-support x5 black\"><\/i><\/div><div class=\"feature-desc\"><div class=\"feature-title\"><h5 class=\"title subheading\">SUPPORT<\/h5><\/div><p class=\"desc\">Suspendisse imperdiet elementum bibendum. Fusce eu facilisis velit. Mauris at dapibus ligula. Mauris mauris lectus dominis elemusan.<\/p><\/div><\/div>\t\t<\/div>\n\t\t\t\t<\/div>\n\t\t\t\t<div class=\"elementor-element elementor-element-fa80718 elementor-widget elementor-widget-forester-features-item\" data-id=\"fa80718\" data-element_type=\"widget\" data-widget_type=\"forester-features-item.default\">\n\t\t\t\t<div class=\"elementor-widget-container\">\n\t\t\t<div class=\"feature-container\"><div class=\"feature-icon\"><i class=\"ti-cup x5 black\"><\/i><\/div><div class=\"feature-desc\"><div class=\"feature-title\"><h5 class=\"title subheading\">AWARDED<\/h5><\/div><p class=\"desc\">Suspendisse imperdiet elementum bibendum. Fusce eu facilisis velit. Mauris at dapibus ligula. Mauris mauris lectus dominis elemusan.<\/p><\/div><\/div>\t\t<\/div>\n\t\t\t\t<\/div>\n\t\t\t\t\t<\/div>\n\t\t<\/div>\n\t\t\t\t<div class=\"elementor-column elementor-col-33 elementor-top-column elementor-element elementor-element-54c9ef6a\" data-id=\"54c9ef6a\" data-element_type=\"column\">\n\t\t\t<div class=\"elementor-widget-wrap elementor-element-populated\">\n\t\t\t\t\t\t\t\t<div class=\"elementor-element elementor-element-329e84c7 elementor-widget elementor-widget-forester-features-item\" data-id=\"329e84c7\" data-element_type=\"widget\" data-widget_type=\"forester-features-item.default\">\n\t\t\t\t<div class=\"elementor-widget-container\">\n\t\t\t<div class=\"feature-container\"><div class=\"feature-icon\"><i class=\"ti-shopping-cart x5 black\"><\/i><\/div><div class=\"feature-desc\"><div class=\"feature-title\"><h5 class=\"title subheading\">ORDER<\/h5><\/div><p class=\"desc\">Suspendisse imperdiet elementum bibendum. Fusce eu facilisis velit. Mauris at dapibus ligula. Mauris mauris lectus dominis elemusan.<\/p><\/div><\/div>\t\t<\/div>\n\t\t\t\t<\/div>\n\t\t\t\t<div class=\"elementor-element elementor-element-953e2ae elementor-widget elementor-widget-forester-features-item\" data-id=\"953e2ae\" data-element_type=\"widget\" data-widget_type=\"forester-features-item.default\">\n\t\t\t\t<div class=\"elementor-widget-container\">\n\t\t\t<div class=\"feature-container\"><div class=\"feature-icon\"><i class=\"ti-brush-alt x5 black\"><\/i><\/div><div class=\"feature-desc\"><div class=\"feature-title\"><h5 class=\"title subheading\">CREAT\u0130VE<\/h5><\/div><p class=\"desc\">Suspendisse imperdiet elementum bibendum. Fusce eu facilisis velit. Mauris at dapibus ligula. Mauris mauris lectus dominis elemusan.<\/p><\/div><\/div>\t\t<\/div>\n\t\t\t\t<\/div>\n\t\t\t\t\t<\/div>\n\t\t<\/div>\n\t\t\t\t<div class=\"elementor-column elementor-col-33 elementor-top-column elementor-element elementor-element-17f054b5\" data-id=\"17f054b5\" data-element_type=\"column\">\n\t\t\t<div class=\"elementor-widget-wrap elementor-element-populated\">\n\t\t\t\t\t\t\t\t<div class=\"elementor-element elementor-element-132ace9 elementor-widget elementor-widget-forester-features-item\" data-id=\"132ace9\" data-element_type=\"widget\" data-widget_type=\"forester-features-item.default\">\n\t\t\t\t<div class=\"elementor-widget-container\">\n\t\t\t<div class=\"feature-container\"><div class=\"feature-icon\"><i class=\"ti-layout x5 black\"><\/i><\/div><div class=\"feature-desc\"><div class=\"feature-title\"><h5 class=\"title subheading\">RESPONSIVE<\/h5><\/div><p class=\"desc\">Suspendisse imperdiet elementum bibendum. Fusce eu facilisis velit. Mauris at dapibus ligula. Mauris mauris lectus dominis elemusan.<\/p><\/div><\/div>\t\t<\/div>\n\t\t\t\t<\/div>\n\t\t\t\t<div class=\"elementor-element elementor-element-6da20d4 elementor-widget elementor-widget-forester-features-item\" data-id=\"6da20d4\" data-element_type=\"widget\" data-widget_type=\"forester-features-item.default\">\n\t\t\t\t<div class=\"elementor-widget-container\">\n\t\t\t<div class=\"feature-container\"><div class=\"feature-icon\"><i class=\"ti-gift x5 black\"><\/i><\/div><div class=\"feature-desc\"><div class=\"feature-title\"><h5 class=\"title subheading\">GIVEAWAY<\/h5><\/div><p class=\"desc\">Suspendisse imperdiet elementum bibendum. Fusce eu facilisis velit. Mauris at dapibus ligula. Mauris mauris lectus dominis elemusan.<\/p><\/div><\/div>\t\t<\/div>\n\t\t\t\t<\/div>\n\t\t\t\t\t<\/div>\n\t\t<\/div>\n\t\t\t\t\t\t\t<\/div>\n\t\t<\/section>\n\t\t\t\t\t\t\t<\/div>\n\t\t","protected":false},"excerpt":{"rendered":"<p>Project Four Back To Homepage We are forester, a creative digital agency situated in New York. Crafting things people love, need and enjoy the most. We established a dozen of satisfied clients around the globe and earned ourself a reputation of most innovative digital agency in New York. Ut ut lectus id massa rhoncus commodo. [&hellip;]<\/p>\n","protected":false},"author":2,"featured_media":0,"parent":0,"menu_order":0,"comment_status":"closed","ping_status":"closed","template":"forester-elementor-page.php","meta":{"footnotes":""},"class_list":["post-2013","page","type-page","status-publish","hentry"],"yoast_head":"<!-- This site is optimized with the Yoast SEO plugin v21.1 - https:\/\/yoast.com\/wordpress\/plugins\/seo\/ -->\n<title>Branding - Fckreation<\/title>\n<meta name=\"robots\" content=\"index, follow, max-snippet:-1, max-image-preview:large, max-video-preview:-1\" \/>\n<link rel=\"canonical\" href=\"https:\/\/fckreation.com\/index.php\/branding\/\" \/>\n<meta property=\"og:locale\" content=\"fr_FR\" \/>\n<meta property=\"og:type\" content=\"article\" \/>\n<meta property=\"og:title\" content=\"Branding - Fckreation\" \/>\n<meta property=\"og:description\" content=\"Project Four Back To Homepage We are forester, a creative digital agency situated in New York. Crafting things people love, need and enjoy the most. We established a dozen of satisfied clients around the globe and earned ourself a reputation of most innovative digital agency in New York. Ut ut lectus id massa rhoncus commodo. [&hellip;]\" \/>\n<meta property=\"og:url\" content=\"https:\/\/fckreation.com\/index.php\/branding\/\" \/>\n<meta property=\"og:site_name\" content=\"Fckreation\" \/>\n<meta property=\"article:publisher\" content=\"https:\/\/www.facebook.com\/fckreation\" \/>\n<meta property=\"article:modified_time\" content=\"2023-09-05T19:09:52+00:00\" \/>\n<meta property=\"og:image\" content=\"http:\/\/fckreation.com\/1480104-1\/wp-content\/uploads\/2017\/03\/6-3.jpg\" \/>\n<meta name=\"twitter:card\" content=\"summary_large_image\" \/>\n<meta name=\"twitter:label1\" content=\"Dur\u00e9e de lecture estim\u00e9e\" \/>\n\t<meta name=\"twitter:data1\" content=\"1 minute\" \/>\n<script type=\"application\/ld+json\" class=\"yoast-schema-graph\">{\"@context\":\"https:\/\/schema.org\",\"@graph\":[{\"@type\":\"WebPage\",\"@id\":\"https:\/\/fckreation.com\/index.php\/branding\/\",\"url\":\"https:\/\/fckreation.com\/index.php\/branding\/\",\"name\":\"Branding - Fckreation\",\"isPartOf\":{\"@id\":\"https:\/\/fckreation.com\/#website\"},\"datePublished\":\"2019-09-18T15:15:28+00:00\",\"dateModified\":\"2023-09-05T19:09:52+00:00\",\"breadcrumb\":{\"@id\":\"https:\/\/fckreation.com\/index.php\/branding\/#breadcrumb\"},\"inLanguage\":\"fr-FR\",\"potentialAction\":[{\"@type\":\"ReadAction\",\"target\":[\"https:\/\/fckreation.com\/index.php\/branding\/\"]}]},{\"@type\":\"BreadcrumbList\",\"@id\":\"https:\/\/fckreation.com\/index.php\/branding\/#breadcrumb\",\"itemListElement\":[{\"@type\":\"ListItem\",\"position\":1,\"name\":\"Accueil\",\"item\":\"https:\/\/fckreation.com\/\"},{\"@type\":\"ListItem\",\"position\":2,\"name\":\"Branding\"}]},{\"@type\":\"WebSite\",\"@id\":\"https:\/\/fckreation.com\/#website\",\"url\":\"https:\/\/fckreation.com\/\",\"name\":\"Fckreation\",\"description\":\"Agence graphique\",\"publisher\":{\"@id\":\"https:\/\/fckreation.com\/#organization\"},\"potentialAction\":[{\"@type\":\"SearchAction\",\"target\":{\"@type\":\"EntryPoint\",\"urlTemplate\":\"https:\/\/fckreation.com\/?s={search_term_string}\"},\"query-input\":\"required name=search_term_string\"}],\"inLanguage\":\"fr-FR\"},{\"@type\":\"Organization\",\"@id\":\"https:\/\/fckreation.com\/#organization\",\"name\":\"Fckreation\",\"url\":\"https:\/\/fckreation.com\/\",\"logo\":{\"@type\":\"ImageObject\",\"inLanguage\":\"fr-FR\",\"@id\":\"https:\/\/fckreation.com\/#\/schema\/logo\/image\/\",\"url\":\"http:\/\/fckreation.com\/1480104-1\/wp-content\/uploads\/2023\/09\/logo_site_2023_vnoir.png\",\"contentUrl\":\"http:\/\/fckreation.com\/1480104-1\/wp-content\/uploads\/2023\/09\/logo_site_2023_vnoir.png\",\"width\":119,\"height\":42,\"caption\":\"Fckreation\"},\"image\":{\"@id\":\"https:\/\/fckreation.com\/#\/schema\/logo\/image\/\"},\"sameAs\":[\"https:\/\/www.facebook.com\/fckreation\"]}]}<\/script>\n<!-- \/ Yoast SEO plugin. -->","yoast_head_json":{"title":"Branding - Fckreation","robots":{"index":"index","follow":"follow","max-snippet":"max-snippet:-1","max-image-preview":"max-image-preview:large","max-video-preview":"max-video-preview:-1"},"canonical":"https:\/\/fckreation.com\/index.php\/branding\/","og_locale":"fr_FR","og_type":"article","og_title":"Branding - Fckreation","og_description":"Project Four Back To Homepage We are forester, a creative digital agency situated in New York. Crafting things people love, need and enjoy the most. We established a dozen of satisfied clients around the globe and earned ourself a reputation of most innovative digital agency in New York. Ut ut lectus id massa rhoncus commodo. [&hellip;]","og_url":"https:\/\/fckreation.com\/index.php\/branding\/","og_site_name":"Fckreation","article_publisher":"https:\/\/www.facebook.com\/fckreation","article_modified_time":"2023-09-05T19:09:52+00:00","og_image":[{"url":"http:\/\/fckreation.com\/1480104-1\/wp-content\/uploads\/2017\/03\/6-3.jpg"}],"twitter_card":"summary_large_image","twitter_misc":{"Dur\u00e9e de lecture estim\u00e9e":"1 minute"},"schema":{"@context":"https:\/\/schema.org","@graph":[{"@type":"WebPage","@id":"https:\/\/fckreation.com\/index.php\/branding\/","url":"https:\/\/fckreation.com\/index.php\/branding\/","name":"Branding - Fckreation","isPartOf":{"@id":"https:\/\/fckreation.com\/#website"},"datePublished":"2019-09-18T15:15:28+00:00","dateModified":"2023-09-05T19:09:52+00:00","breadcrumb":{"@id":"https:\/\/fckreation.com\/index.php\/branding\/#breadcrumb"},"inLanguage":"fr-FR","potentialAction":[{"@type":"ReadAction","target":["https:\/\/fckreation.com\/index.php\/branding\/"]}]},{"@type":"BreadcrumbList","@id":"https:\/\/fckreation.com\/index.php\/branding\/#breadcrumb","itemListElement":[{"@type":"ListItem","position":1,"name":"Accueil","item":"https:\/\/fckreation.com\/"},{"@type":"ListItem","position":2,"name":"Branding"}]},{"@type":"WebSite","@id":"https:\/\/fckreation.com\/#website","url":"https:\/\/fckreation.com\/","name":"Fckreation","description":"Agence graphique","publisher":{"@id":"https:\/\/fckreation.com\/#organization"},"potentialAction":[{"@type":"SearchAction","target":{"@type":"EntryPoint","urlTemplate":"https:\/\/fckreation.com\/?s={search_term_string}"},"query-input":"required name=search_term_string"}],"inLanguage":"fr-FR"},{"@type":"Organization","@id":"https:\/\/fckreation.com\/#organization","name":"Fckreation","url":"https:\/\/fckreation.com\/","logo":{"@type":"ImageObject","inLanguage":"fr-FR","@id":"https:\/\/fckreation.com\/#\/schema\/logo\/image\/","url":"http:\/\/fckreation.com\/1480104-1\/wp-content\/uploads\/2023\/09\/logo_site_2023_vnoir.png","contentUrl":"http:\/\/fckreation.com\/1480104-1\/wp-content\/uploads\/2023\/09\/logo_site_2023_vnoir.png","width":119,"height":42,"caption":"Fckreation"},"image":{"@id":"https:\/\/fckreation.com\/#\/schema\/logo\/image\/"},"sameAs":["https:\/\/www.facebook.com\/fckreation"]}]}},"_links":{"self":[{"href":"https:\/\/fckreation.com\/index.php\/wp-json\/wp\/v2\/pages\/2013","targetHints":{"allow":["GET"]}}],"collection":[{"href":"https:\/\/fckreation.com\/index.php\/wp-json\/wp\/v2\/pages"}],"about":[{"href":"https:\/\/fckreation.com\/index.php\/wp-json\/wp\/v2\/types\/page"}],"author":[{"embeddable":true,"href":"https:\/\/fckreation.com\/index.php\/wp-json\/wp\/v2\/users\/2"}],"replies":[{"embeddable":true,"href":"https:\/\/fckreation.com\/index.php\/wp-json\/wp\/v2\/comments?post=2013"}],"version-history":[{"count":1,"href":"https:\/\/fckreation.com\/index.php\/wp-json\/wp\/v2\/pages\/2013\/revisions"}],"predecessor-version":[{"id":2255,"href":"https:\/\/fckreation.com\/index.php\/wp-json\/wp\/v2\/pages\/2013\/revisions\/2255"}],"wp:attachment":[{"href":"https:\/\/fckreation.com\/index.php\/wp-json\/wp\/v2\/media?parent=2013"}],"curies":[{"name":"wp","href":"https:\/\/api.w.org\/{rel}","templated":true}]}}