{"id":2034,"date":"2019-09-18T16:28:21","date_gmt":"2019-09-18T14:28:21","guid":{"rendered":"https:\/\/ninetheme.com\/themes\/elementor\/forester\/?page_id=2034"},"modified":"2023-09-07T15:39:50","modified_gmt":"2023-09-07T13:39:50","slug":"web-design","status":"publish","type":"page","link":"https:\/\/fckreation.com\/index.php\/web-design\/","title":{"rendered":"Web Design"},"content":{"rendered":"\t\t<div data-elementor-type=\"wp-page\" data-elementor-id=\"2034\" class=\"elementor elementor-2034\">\n\t\t\t\t\t\t\t\t\t<section class=\"elementor-section elementor-top-section elementor-element elementor-element-7f124388 elementor-section-stretched elementor-section-full_width elementor-section-height-default elementor-section-height-default\" data-id=\"7f124388\" data-element_type=\"section\" data-settings=\"{&quot;stretch_section&quot;:&quot;section-stretched&quot;}\">\n\t\t\t\t\t\t<div class=\"elementor-container elementor-column-gap-no\">\n\t\t\t\t\t<div class=\"elementor-column elementor-col-100 elementor-top-column elementor-element elementor-element-767acffe\" data-id=\"767acffe\" data-element_type=\"column\">\n\t\t\t<div class=\"elementor-widget-wrap elementor-element-populated\">\n\t\t\t\t\t\t\t\t<div class=\"elementor-element elementor-element-7d72f2cd elementor-widget elementor-widget-forester-page-hero\" data-id=\"7d72f2cd\" data-element_type=\"widget\" data-widget_type=\"forester-page-hero.default\">\n\t\t\t\t<div class=\"elementor-widget-container\">\n\t\t\t<div id=\"hero\" class=\"hero page-hero hero-fullwidth hero_7d72f2cd jarallax\" data-jarallax=\"\" data-type=\"scroll\" data-speed=\"0.2\" data-android=\"0\" data-ios=\"0\" style=\"background-image:url(https:\/\/ninetheme.com\/themes\/elementor\/forester\/wp-content\/uploads\/2018\/05\/bg-1-3.jpg)\" data-img-src=\"https:\/\/ninetheme.com\/themes\/elementor\/forester\/wp-content\/uploads\/2018\/05\/bg-1-3.jpg\" data-img-size=\"cover\" data-img-position=\"center center\" data-img-repeat=\"no-repeat\"><div class=\"hero-content no\"><div class=\"container white\"><div class=\"m-auto\"><div class=\"title-service mb15\"><h2 class=\"page-heading\">Web Design<\/h2><p class=\"breadcrubms headline-text\"><!-- Breadcrumb NavXT 7.2.0 -->\n<span property=\"itemListElement\" typeof=\"ListItem\"><a property=\"item\" typeof=\"WebPage\" title=\"Go to Fckreation.\" href=\"https:\/\/fckreation.com\" class=\"home\" ><span property=\"name\">Fckreation<\/span><\/a><meta property=\"position\" content=\"1\"><\/span> &gt; <span property=\"itemListElement\" typeof=\"ListItem\"><a property=\"item\" typeof=\"WebPage\" title=\"Go to Blog.\" href=\"https:\/\/fckreation.com\/index.php\/blog\/\" class=\"post-root post post-post\" aria-current=\"page\"><span property=\"name\">Blog<\/span><\/a><meta property=\"position\" content=\"2\"><\/span><\/p><\/div><a class=\"hero-btn btn-sm btn btn-circle btn-ghost-white\" href=\"#\">Back To Homepage <\/a><\/div><\/div><\/div><\/div>\t\t<\/div>\n\t\t\t\t<\/div>\n\t\t\t\t\t<\/div>\n\t\t<\/div>\n\t\t\t\t\t\t\t<\/div>\n\t\t<\/section>\n\t\t\t\t<section class=\"elementor-section elementor-top-section elementor-element elementor-element-061137c elementor-section-boxed elementor-section-height-default elementor-section-height-default\" data-id=\"061137c\" data-element_type=\"section\">\n\t\t\t\t\t\t<div class=\"elementor-container elementor-column-gap-default\">\n\t\t\t\t\t<div class=\"elementor-column elementor-col-100 elementor-top-column elementor-element elementor-element-cc64f7b\" data-id=\"cc64f7b\" data-element_type=\"column\">\n\t\t\t<div class=\"elementor-widget-wrap elementor-element-populated\">\n\t\t\t\t\t\t\t\t<div class=\"elementor-element elementor-element-8855508 elementor-widget elementor-widget-text-editor\" data-id=\"8855508\" data-element_type=\"widget\" data-widget_type=\"text-editor.default\">\n\t\t\t\t<div class=\"elementor-widget-container\">\n\t\t\t<style>\/*! elementor - v3.15.0 - 20-08-2023 *\/\n.elementor-widget-text-editor.elementor-drop-cap-view-stacked .elementor-drop-cap{background-color:#69727d;color:#fff}.elementor-widget-text-editor.elementor-drop-cap-view-framed .elementor-drop-cap{color:#69727d;border:3px solid;background-color:transparent}.elementor-widget-text-editor:not(.elementor-drop-cap-view-default) .elementor-drop-cap{margin-top:8px}.elementor-widget-text-editor:not(.elementor-drop-cap-view-default) .elementor-drop-cap-letter{width:1em;height:1em}.elementor-widget-text-editor .elementor-drop-cap{float:left;text-align:center;line-height:1;font-size:50px}.elementor-widget-text-editor .elementor-drop-cap-letter{display:inline-block}<\/style>\t\t\t\t<p>We are forester, a creative digital agency situated in New York. Crafting things people love, need and enjoy the most. We established a dozen of satisfied clients around the globe and earned ourself a reputation of most innovative digital agency in New York. Ut ut lectus id massa rhoncus commodo. Nulla sed aliquet orci. Integer et nisi lobortis, efficitur arcu dictum, elementum felis. Nullam vulputate risus diam<\/p>\t\t\t\t\t\t<\/div>\n\t\t\t\t<\/div>\n\t\t\t\t\t<\/div>\n\t\t<\/div>\n\t\t\t\t\t\t\t<\/div>\n\t\t<\/section>\n\t\t\t\t<section class=\"elementor-section elementor-top-section elementor-element elementor-element-f336233 elementor-section-stretched elementor-section-full_width elementor-section-height-default elementor-section-height-default\" data-id=\"f336233\" data-element_type=\"section\" data-settings=\"{&quot;stretch_section&quot;:&quot;section-stretched&quot;,&quot;background_background&quot;:&quot;classic&quot;}\">\n\t\t\t\t\t\t<div class=\"elementor-container elementor-column-gap-no\">\n\t\t\t\t\t<div class=\"elementor-column elementor-col-100 elementor-top-column elementor-element elementor-element-5d7f1043\" data-id=\"5d7f1043\" data-element_type=\"column\">\n\t\t\t<div class=\"elementor-widget-wrap elementor-element-populated\">\n\t\t\t\t\t\t\t\t<section class=\"elementor-section elementor-inner-section elementor-element elementor-element-1e838c8a elementor-section-boxed elementor-section-height-default elementor-section-height-default\" data-id=\"1e838c8a\" data-element_type=\"section\">\n\t\t\t\t\t\t<div class=\"elementor-container elementor-column-gap-default\">\n\t\t\t\t\t<div class=\"elementor-column elementor-col-100 elementor-inner-column elementor-element elementor-element-468c6886\" data-id=\"468c6886\" data-element_type=\"column\">\n\t\t\t<div class=\"elementor-widget-wrap\">\n\t\t\t\t\t\t\t\t\t<\/div>\n\t\t<\/div>\n\t\t\t\t\t\t\t<\/div>\n\t\t<\/section>\n\t\t\t\t<section class=\"elementor-section elementor-inner-section elementor-element elementor-element-14223b83 elementor-section-boxed elementor-section-height-default elementor-section-height-default\" data-id=\"14223b83\" data-element_type=\"section\">\n\t\t\t\t\t\t<div class=\"elementor-container elementor-column-gap-no\">\n\t\t\t\t\t<div class=\"elementor-column elementor-col-100 elementor-inner-column elementor-element elementor-element-157f79a4\" data-id=\"157f79a4\" data-element_type=\"column\">\n\t\t\t<div class=\"elementor-widget-wrap elementor-element-populated\">\n\t\t\t\t\t\t\t\t<div class=\"elementor-element elementor-element-3ea65c45 elementor-widget elementor-widget-forester-portfolio-grid\" data-id=\"3ea65c45\" data-element_type=\"widget\" data-widget_type=\"forester-portfolio-grid.default\">\n\t\t\t\t<div class=\"elementor-widget-container\">\n\t\t\t<div class=\"bg-white portfolio-wrapper\"><div class=\"fullwidth-style\"><div class=\"posts-filter cbp-l-filters-button text-center\"><div data-filter=\"*\" class=\"cbp-filter-active cbp-filter-item\">All<div class=\"cbp-filter-counter\"><\/div><\/div><div data-filter=\".digital\" class=\"cbp-filter-item\">Digital<div class=\"cbp-filter-counter\"><\/div><\/div><div data-filter=\".imagination\" class=\"cbp-filter-item\">Imagination<div class=\"cbp-filter-counter\"><\/div><\/div><div data-filter=\".logo\" class=\"cbp-filter-item\">Logo<div class=\"cbp-filter-counter\"><\/div><\/div><div data-filter=\".print\" class=\"cbp-filter-item\">Print<div class=\"cbp-filter-counter\"><\/div><\/div><\/div><div id=\"blog-elementor\" class=\"blog-elementor cbp type-grid\" data-layoutmode=\"grid\" data-grid-adjustment=\"responsive\" data-animation-filter=\"flipOutDelay\" data-animation-caption=\"pushDown\" data-animation-single=\"left\" data-horizontal-gap=\"30\" data-vertical-gap=\"30\" data-xlcount=\"3\" data-lgcount=\"3\" data-smcount=\"1\"><div class=\"cbp-item digital\"><a href=\"https:\/\/fckreation.com\/wp-content\/uploads\/2023\/09\/td11.png\" title=\"Artwork &#8211; Teddy Riner &#8211; Athl\u00e8te\" data-title=\"<h3>Artwork &#8211; Teddy Riner &#8211; Athl\u00e8te  <span> \/ digital<\/span><\/h3>\" class=\"cbp-lightbox cbp-caption\"><div class=\"cbp-caption\"><div class=\"cbp-caption-defaultWrap\"><img decoding=\"async\" src=\"https:\/\/fckreation.com\/wp-content\/uploads\/2023\/09\/td11.png\" alt=\"Artwork &#8211; Teddy Riner &#8211; Athl\u00e8te\" \/><\/div><div class=\"cbp-caption-activeWrap black\"><div class=\"wrap\"><i class=\"ti-fullscreen x3\"><\/i><h3 class=\"post-cat\">digital<\/h3><div class=\"heading-title\">Artwork &#8211; Teddy Riner &#8211; Athl\u00e8te<\/div><\/div><\/div><\/div><\/a><\/div><div class=\"cbp-item logo\"><a href=\"https:\/\/fckreation.com\/wp-content\/uploads\/2023\/09\/bab.jpg\" title=\"Logo &#8211; B \u00e0 Ba &#8211; Agence immobili\u00e8re &#8211; Lyon\" data-title=\"<h3>Logo &#8211; B \u00e0 Ba &#8211; Agence immobili\u00e8re &#8211; Lyon  <span> \/ logo<\/span><\/h3>\" class=\"cbp-lightbox cbp-caption\"><div class=\"cbp-caption\"><div class=\"cbp-caption-defaultWrap\"><img decoding=\"async\" src=\"https:\/\/fckreation.com\/wp-content\/uploads\/2023\/09\/bab.jpg\" alt=\"Logo &#8211; B \u00e0 Ba &#8211; Agence immobili\u00e8re &#8211; Lyon\" \/><\/div><div class=\"cbp-caption-activeWrap black\"><div class=\"wrap\"><i class=\"ti-fullscreen x3\"><\/i><h3 class=\"post-cat\">logo<\/h3><div class=\"heading-title\">Logo &#8211; B \u00e0 Ba &#8211; Agence immobili\u00e8re &#8211; Lyon<\/div><\/div><\/div><\/div><\/a><\/div><div class=\"cbp-item logo\"><a href=\"https:\/\/fckreation.com\/wp-content\/uploads\/2023\/09\/instalogic_vweb.jpg\" title=\"Logo &#8211; Logic Energy &#8211; R\u00e9novation \u00e9nerg\u00e9tique &#8211; Clermont-Ferrand\" data-title=\"<h3>Logo &#8211; Logic Energy &#8211; R\u00e9novation \u00e9nerg\u00e9tique &#8211; Clermont-Ferrand  <span> \/ logo<\/span><\/h3>\" class=\"cbp-lightbox cbp-caption\"><div class=\"cbp-caption\"><div class=\"cbp-caption-defaultWrap\"><img decoding=\"async\" src=\"https:\/\/fckreation.com\/wp-content\/uploads\/2023\/09\/instalogic_vweb.jpg\" alt=\"Logo &#8211; Logic Energy &#8211; R\u00e9novation \u00e9nerg\u00e9tique &#8211; Clermont-Ferrand\" \/><\/div><div class=\"cbp-caption-activeWrap black\"><div class=\"wrap\"><i class=\"ti-fullscreen x3\"><\/i><h3 class=\"post-cat\">logo<\/h3><div class=\"heading-title\">Logo &#8211; Logic Energy &#8211; R\u00e9novation \u00e9nerg\u00e9tique &#8211; Clermont-Ferrand<\/div><\/div><\/div><\/div><\/a><\/div><div class=\"cbp-item logo\"><a href=\"https:\/\/fckreation.com\/wp-content\/uploads\/2023\/09\/phone-repairv2.png\" title=\"Logo &#8211; Phone Repair &#8211; Clermont-Ferrand\" data-title=\"<h3>Logo &#8211; Phone Repair &#8211; Clermont-Ferrand  <span> \/ logo<\/span><\/h3>\" class=\"cbp-lightbox cbp-caption\"><div class=\"cbp-caption\"><div class=\"cbp-caption-defaultWrap\"><img decoding=\"async\" src=\"https:\/\/fckreation.com\/wp-content\/uploads\/2023\/09\/phone-repairv2.png\" alt=\"Logo &#8211; Phone Repair &#8211; Clermont-Ferrand\" \/><\/div><div class=\"cbp-caption-activeWrap black\"><div class=\"wrap\"><i class=\"ti-fullscreen x3\"><\/i><h3 class=\"post-cat\">logo<\/h3><div class=\"heading-title\">Logo &#8211; Phone Repair &#8211; Clermont-Ferrand<\/div><\/div><\/div><\/div><\/a><\/div><div class=\"cbp-item \"><a href=\"https:\/\/fckreation.com\/wp-content\/uploads\/2023\/09\/instareverse_vweb.jpg\" title=\"Logo &#8211; Reverse &#8211; Label de musique &#8211; Reims\" data-title=\"<h3>Logo &#8211; Reverse &#8211; Label de musique &#8211; Reims  <span> \/ <\/span><\/h3>\" class=\"cbp-lightbox cbp-caption\"><div class=\"cbp-caption\"><div class=\"cbp-caption-defaultWrap\"><img decoding=\"async\" src=\"https:\/\/fckreation.com\/wp-content\/uploads\/2023\/09\/instareverse_vweb.jpg\" alt=\"Logo &#8211; Reverse &#8211; Label de musique &#8211; Reims\" \/><\/div><div class=\"cbp-caption-activeWrap black\"><div class=\"wrap\"><i class=\"ti-fullscreen x3\"><\/i><h3 class=\"post-cat\">logo<\/h3><div class=\"heading-title\">Logo &#8211; Reverse &#8211; Label de musique &#8211; Reims<\/div><\/div><\/div><\/div><\/a><\/div><div class=\"cbp-item logo\"><a href=\"https:\/\/fckreation.com\/wp-content\/uploads\/2023\/09\/gmt.png\" title=\"Logo &#8211; GM Terrassement &#8211; Soci\u00e9t\u00e9 de terrassement &#8211; Caumont sur Durance\" data-title=\"<h3>Logo &#8211; GM Terrassement &#8211; Soci\u00e9t\u00e9 de terrassement &#8211; Caumont sur Durance  <span> \/ logo<\/span><\/h3>\" class=\"cbp-lightbox cbp-caption\"><div class=\"cbp-caption\"><div class=\"cbp-caption-defaultWrap\"><img decoding=\"async\" src=\"https:\/\/fckreation.com\/wp-content\/uploads\/2023\/09\/gmt.png\" alt=\"Logo &#8211; GM Terrassement &#8211; Soci\u00e9t\u00e9 de terrassement &#8211; Caumont sur Durance\" \/><\/div><div class=\"cbp-caption-activeWrap black\"><div class=\"wrap\"><i class=\"ti-fullscreen x3\"><\/i><h3 class=\"post-cat\">logo<\/h3><div class=\"heading-title\">Logo &#8211; GM Terrassement &#8211; Soci\u00e9t\u00e9 de terrassement &#8211; Caumont sur Durance<\/div><\/div><\/div><\/div><\/a><\/div><\/div><\/div><\/div>\t\t<\/div>\n\t\t\t\t<\/div>\n\t\t\t\t\t<\/div>\n\t\t<\/div>\n\t\t\t\t\t\t\t<\/div>\n\t\t<\/section>\n\t\t\t\t\t<\/div>\n\t\t<\/div>\n\t\t\t\t\t\t\t<\/div>\n\t\t<\/section>\n\t\t\t\t<section class=\"elementor-section elementor-top-section elementor-element elementor-element-260a52c4 elementor-section-boxed elementor-section-height-default elementor-section-height-default\" data-id=\"260a52c4\" data-element_type=\"section\">\n\t\t\t\t\t\t<div class=\"elementor-container elementor-column-gap-default\">\n\t\t\t\t\t<div class=\"elementor-column elementor-col-33 elementor-top-column elementor-element elementor-element-7b233245\" data-id=\"7b233245\" data-element_type=\"column\">\n\t\t\t<div class=\"elementor-widget-wrap elementor-element-populated\">\n\t\t\t\t\t\t\t\t<div class=\"elementor-element elementor-element-3a5e4530 elementor-widget elementor-widget-forester-features-item\" data-id=\"3a5e4530\" data-element_type=\"widget\" data-widget_type=\"forester-features-item.default\">\n\t\t\t\t<div class=\"elementor-widget-container\">\n\t\t\t<div class=\"feature-container\"><div class=\"feature-icon\"><i class=\"ti-support x5 black\"><\/i><\/div><div class=\"feature-desc\"><div class=\"feature-title\"><h5 class=\"title subheading\">SUPPORT<\/h5><\/div><p class=\"desc\">Suspendisse imperdiet elementum bibendum. Fusce eu facilisis velit. Mauris at dapibus ligula. Mauris mauris lectus dominis elemusan.<\/p><\/div><\/div>\t\t<\/div>\n\t\t\t\t<\/div>\n\t\t\t\t<div class=\"elementor-element elementor-element-abe424b elementor-widget elementor-widget-forester-features-item\" data-id=\"abe424b\" data-element_type=\"widget\" data-widget_type=\"forester-features-item.default\">\n\t\t\t\t<div class=\"elementor-widget-container\">\n\t\t\t<div class=\"feature-container\"><div class=\"feature-icon\"><i class=\"ti-cup x5 black\"><\/i><\/div><div class=\"feature-desc\"><div class=\"feature-title\"><h5 class=\"title subheading\">We're Unique<\/h5><\/div><p class=\"desc\">Suspendisse imperdiet elementum bibendum. Fusce eu facilisis velit. Mauris at dapibus ligula. Mauris mauris lectus dominis elemusan.<\/p><\/div><\/div>\t\t<\/div>\n\t\t\t\t<\/div>\n\t\t\t\t\t<\/div>\n\t\t<\/div>\n\t\t\t\t<div class=\"elementor-column elementor-col-33 elementor-top-column elementor-element elementor-element-5533edcf\" data-id=\"5533edcf\" data-element_type=\"column\">\n\t\t\t<div class=\"elementor-widget-wrap elementor-element-populated\">\n\t\t\t\t\t\t\t\t<div class=\"elementor-element elementor-element-22349bb2 elementor-widget elementor-widget-forester-features-item\" data-id=\"22349bb2\" data-element_type=\"widget\" data-widget_type=\"forester-features-item.default\">\n\t\t\t\t<div class=\"elementor-widget-container\">\n\t\t\t<div class=\"feature-container\"><div class=\"feature-icon\"><i class=\"ti-shopping-cart x5 black\"><\/i><\/div><div class=\"feature-desc\"><div class=\"feature-title\"><h5 class=\"title subheading\">ORDER<\/h5><\/div><p class=\"desc\">Suspendisse imperdiet elementum bibendum. Fusce eu facilisis velit. Mauris at dapibus ligula. Mauris mauris lectus dominis elemusan.<\/p><\/div><\/div>\t\t<\/div>\n\t\t\t\t<\/div>\n\t\t\t\t<div class=\"elementor-element elementor-element-8a7e95e elementor-widget elementor-widget-forester-features-item\" data-id=\"8a7e95e\" data-element_type=\"widget\" data-widget_type=\"forester-features-item.default\">\n\t\t\t\t<div class=\"elementor-widget-container\">\n\t\t\t<div class=\"feature-container\"><div class=\"feature-icon\"><i class=\"ti-brush-alt x5 black\"><\/i><\/div><div class=\"feature-desc\"><div class=\"feature-title\"><h5 class=\"title subheading\">CREATIVE<\/h5><\/div><p class=\"desc\">Suspendisse imperdiet elementum bibendum. Fusce eu facilisis velit. Mauris at dapibus ligula. Mauris mauris lectus dominis elemusan.<\/p><\/div><\/div>\t\t<\/div>\n\t\t\t\t<\/div>\n\t\t\t\t\t<\/div>\n\t\t<\/div>\n\t\t\t\t<div class=\"elementor-column elementor-col-33 elementor-top-column elementor-element elementor-element-37055ee7\" data-id=\"37055ee7\" data-element_type=\"column\">\n\t\t\t<div class=\"elementor-widget-wrap elementor-element-populated\">\n\t\t\t\t\t\t\t\t<div class=\"elementor-element elementor-element-185bfc31 elementor-widget elementor-widget-forester-features-item\" data-id=\"185bfc31\" data-element_type=\"widget\" data-widget_type=\"forester-features-item.default\">\n\t\t\t\t<div class=\"elementor-widget-container\">\n\t\t\t<div class=\"feature-container\"><div class=\"feature-icon\"><i class=\"ti-layout x5 black\"><\/i><\/div><div class=\"feature-desc\"><div class=\"feature-title\"><h5 class=\"title subheading\">RESPONSIVE<\/h5><\/div><p class=\"desc\">Suspendisse imperdiet elementum bibendum. Fusce eu facilisis velit. Mauris at dapibus ligula. Mauris mauris lectus dominis elemusan.<\/p><\/div><\/div>\t\t<\/div>\n\t\t\t\t<\/div>\n\t\t\t\t<div class=\"elementor-element elementor-element-9c4b29e elementor-widget elementor-widget-forester-features-item\" data-id=\"9c4b29e\" data-element_type=\"widget\" data-widget_type=\"forester-features-item.default\">\n\t\t\t\t<div class=\"elementor-widget-container\">\n\t\t\t<div class=\"feature-container\"><div class=\"feature-icon\"><i class=\"ti-gift x5 black\"><\/i><\/div><div class=\"feature-desc\"><div class=\"feature-title\"><h5 class=\"title subheading\">GIVEAWAY<\/h5><\/div><p class=\"desc\">Suspendisse imperdiet elementum bibendum. Fusce eu facilisis velit. Mauris at dapibus ligula. Mauris mauris lectus dominis elemusan.<\/p><\/div><\/div>\t\t<\/div>\n\t\t\t\t<\/div>\n\t\t\t\t\t<\/div>\n\t\t<\/div>\n\t\t\t\t\t\t\t<\/div>\n\t\t<\/section>\n\t\t\t\t\t\t\t<\/div>\n\t\t","protected":false},"excerpt":{"rendered":"<p>Project Four Back To Homepage We are forester, a creative digital agency situated in New York. Crafting things people love, need and enjoy the most. We established a dozen of satisfied clients around the globe and earned ourself a reputation of most innovative digital agency in New York. Ut ut lectus id massa rhoncus commodo. [&hellip;]<\/p>\n","protected":false},"author":2,"featured_media":0,"parent":0,"menu_order":0,"comment_status":"closed","ping_status":"closed","template":"forester-elementor-page.php","meta":{"footnotes":""},"class_list":["post-2034","page","type-page","status-publish","hentry"],"yoast_head":"<!-- This site is optimized with the Yoast SEO plugin v21.1 - https:\/\/yoast.com\/wordpress\/plugins\/seo\/ -->\n<title>Web Design - Fckreation<\/title>\n<meta name=\"robots\" content=\"index, follow, max-snippet:-1, max-image-preview:large, max-video-preview:-1\" \/>\n<link rel=\"canonical\" href=\"https:\/\/fckreation.com\/index.php\/web-design\/\" \/>\n<meta property=\"og:locale\" content=\"fr_FR\" \/>\n<meta property=\"og:type\" content=\"article\" \/>\n<meta property=\"og:title\" content=\"Web Design - Fckreation\" \/>\n<meta property=\"og:description\" content=\"Project Four Back To Homepage We are forester, a creative digital agency situated in New York. Crafting things people love, need and enjoy the most. We established a dozen of satisfied clients around the globe and earned ourself a reputation of most innovative digital agency in New York. Ut ut lectus id massa rhoncus commodo. [&hellip;]\" \/>\n<meta property=\"og:url\" content=\"https:\/\/fckreation.com\/index.php\/web-design\/\" \/>\n<meta property=\"og:site_name\" content=\"Fckreation\" \/>\n<meta property=\"article:publisher\" content=\"https:\/\/www.facebook.com\/fckreation\" \/>\n<meta property=\"article:modified_time\" content=\"2023-09-07T13:39:50+00:00\" \/>\n<meta property=\"og:image\" content=\"http:\/\/fckreation.com\/1480104-1\/wp-content\/uploads\/2017\/03\/6-3.jpg\" \/>\n<meta name=\"twitter:card\" content=\"summary_large_image\" \/>\n<meta name=\"twitter:label1\" content=\"Dur\u00e9e de lecture estim\u00e9e\" \/>\n\t<meta name=\"twitter:data1\" content=\"1 minute\" \/>\n<script type=\"application\/ld+json\" class=\"yoast-schema-graph\">{\"@context\":\"https:\/\/schema.org\",\"@graph\":[{\"@type\":\"WebPage\",\"@id\":\"https:\/\/fckreation.com\/index.php\/web-design\/\",\"url\":\"https:\/\/fckreation.com\/index.php\/web-design\/\",\"name\":\"Web Design - Fckreation\",\"isPartOf\":{\"@id\":\"https:\/\/fckreation.com\/#website\"},\"datePublished\":\"2019-09-18T14:28:21+00:00\",\"dateModified\":\"2023-09-07T13:39:50+00:00\",\"breadcrumb\":{\"@id\":\"https:\/\/fckreation.com\/index.php\/web-design\/#breadcrumb\"},\"inLanguage\":\"fr-FR\",\"potentialAction\":[{\"@type\":\"ReadAction\",\"target\":[\"https:\/\/fckreation.com\/index.php\/web-design\/\"]}]},{\"@type\":\"BreadcrumbList\",\"@id\":\"https:\/\/fckreation.com\/index.php\/web-design\/#breadcrumb\",\"itemListElement\":[{\"@type\":\"ListItem\",\"position\":1,\"name\":\"Accueil\",\"item\":\"https:\/\/fckreation.com\/\"},{\"@type\":\"ListItem\",\"position\":2,\"name\":\"Web Design\"}]},{\"@type\":\"WebSite\",\"@id\":\"https:\/\/fckreation.com\/#website\",\"url\":\"https:\/\/fckreation.com\/\",\"name\":\"Fckreation\",\"description\":\"Agence graphique\",\"publisher\":{\"@id\":\"https:\/\/fckreation.com\/#organization\"},\"potentialAction\":[{\"@type\":\"SearchAction\",\"target\":{\"@type\":\"EntryPoint\",\"urlTemplate\":\"https:\/\/fckreation.com\/?s={search_term_string}\"},\"query-input\":\"required name=search_term_string\"}],\"inLanguage\":\"fr-FR\"},{\"@type\":\"Organization\",\"@id\":\"https:\/\/fckreation.com\/#organization\",\"name\":\"Fckreation\",\"url\":\"https:\/\/fckreation.com\/\",\"logo\":{\"@type\":\"ImageObject\",\"inLanguage\":\"fr-FR\",\"@id\":\"https:\/\/fckreation.com\/#\/schema\/logo\/image\/\",\"url\":\"http:\/\/fckreation.com\/1480104-1\/wp-content\/uploads\/2023\/09\/logo_site_2023_vnoir.png\",\"contentUrl\":\"http:\/\/fckreation.com\/1480104-1\/wp-content\/uploads\/2023\/09\/logo_site_2023_vnoir.png\",\"width\":119,\"height\":42,\"caption\":\"Fckreation\"},\"image\":{\"@id\":\"https:\/\/fckreation.com\/#\/schema\/logo\/image\/\"},\"sameAs\":[\"https:\/\/www.facebook.com\/fckreation\"]}]}<\/script>\n<!-- \/ Yoast SEO plugin. -->","yoast_head_json":{"title":"Web Design - Fckreation","robots":{"index":"index","follow":"follow","max-snippet":"max-snippet:-1","max-image-preview":"max-image-preview:large","max-video-preview":"max-video-preview:-1"},"canonical":"https:\/\/fckreation.com\/index.php\/web-design\/","og_locale":"fr_FR","og_type":"article","og_title":"Web Design - Fckreation","og_description":"Project Four Back To Homepage We are forester, a creative digital agency situated in New York. Crafting things people love, need and enjoy the most. We established a dozen of satisfied clients around the globe and earned ourself a reputation of most innovative digital agency in New York. Ut ut lectus id massa rhoncus commodo. [&hellip;]","og_url":"https:\/\/fckreation.com\/index.php\/web-design\/","og_site_name":"Fckreation","article_publisher":"https:\/\/www.facebook.com\/fckreation","article_modified_time":"2023-09-07T13:39:50+00:00","og_image":[{"url":"http:\/\/fckreation.com\/1480104-1\/wp-content\/uploads\/2017\/03\/6-3.jpg"}],"twitter_card":"summary_large_image","twitter_misc":{"Dur\u00e9e de lecture estim\u00e9e":"1 minute"},"schema":{"@context":"https:\/\/schema.org","@graph":[{"@type":"WebPage","@id":"https:\/\/fckreation.com\/index.php\/web-design\/","url":"https:\/\/fckreation.com\/index.php\/web-design\/","name":"Web Design - Fckreation","isPartOf":{"@id":"https:\/\/fckreation.com\/#website"},"datePublished":"2019-09-18T14:28:21+00:00","dateModified":"2023-09-07T13:39:50+00:00","breadcrumb":{"@id":"https:\/\/fckreation.com\/index.php\/web-design\/#breadcrumb"},"inLanguage":"fr-FR","potentialAction":[{"@type":"ReadAction","target":["https:\/\/fckreation.com\/index.php\/web-design\/"]}]},{"@type":"BreadcrumbList","@id":"https:\/\/fckreation.com\/index.php\/web-design\/#breadcrumb","itemListElement":[{"@type":"ListItem","position":1,"name":"Accueil","item":"https:\/\/fckreation.com\/"},{"@type":"ListItem","position":2,"name":"Web Design"}]},{"@type":"WebSite","@id":"https:\/\/fckreation.com\/#website","url":"https:\/\/fckreation.com\/","name":"Fckreation","description":"Agence graphique","publisher":{"@id":"https:\/\/fckreation.com\/#organization"},"potentialAction":[{"@type":"SearchAction","target":{"@type":"EntryPoint","urlTemplate":"https:\/\/fckreation.com\/?s={search_term_string}"},"query-input":"required name=search_term_string"}],"inLanguage":"fr-FR"},{"@type":"Organization","@id":"https:\/\/fckreation.com\/#organization","name":"Fckreation","url":"https:\/\/fckreation.com\/","logo":{"@type":"ImageObject","inLanguage":"fr-FR","@id":"https:\/\/fckreation.com\/#\/schema\/logo\/image\/","url":"http:\/\/fckreation.com\/1480104-1\/wp-content\/uploads\/2023\/09\/logo_site_2023_vnoir.png","contentUrl":"http:\/\/fckreation.com\/1480104-1\/wp-content\/uploads\/2023\/09\/logo_site_2023_vnoir.png","width":119,"height":42,"caption":"Fckreation"},"image":{"@id":"https:\/\/fckreation.com\/#\/schema\/logo\/image\/"},"sameAs":["https:\/\/www.facebook.com\/fckreation"]}]}},"_links":{"self":[{"href":"https:\/\/fckreation.com\/index.php\/wp-json\/wp\/v2\/pages\/2034","targetHints":{"allow":["GET"]}}],"collection":[{"href":"https:\/\/fckreation.com\/index.php\/wp-json\/wp\/v2\/pages"}],"about":[{"href":"https:\/\/fckreation.com\/index.php\/wp-json\/wp\/v2\/types\/page"}],"author":[{"embeddable":true,"href":"https:\/\/fckreation.com\/index.php\/wp-json\/wp\/v2\/users\/2"}],"replies":[{"embeddable":true,"href":"https:\/\/fckreation.com\/index.php\/wp-json\/wp\/v2\/comments?post=2034"}],"version-history":[{"count":3,"href":"https:\/\/fckreation.com\/index.php\/wp-json\/wp\/v2\/pages\/2034\/revisions"}],"predecessor-version":[{"id":2349,"href":"https:\/\/fckreation.com\/index.php\/wp-json\/wp\/v2\/pages\/2034\/revisions\/2349"}],"wp:attachment":[{"href":"https:\/\/fckreation.com\/index.php\/wp-json\/wp\/v2\/media?parent=2034"}],"curies":[{"name":"wp","href":"https:\/\/api.w.org\/{rel}","templated":true}]}}